 {"id":29,"date":"2021-08-13T01:53:20","date_gmt":"2021-08-13T01:53:20","guid":{"rendered":"http:\/\/mypageantpassport.com\/?page_id=29"},"modified":"2022-05-04T22:11:14","modified_gmt":"2022-05-04T22:11:14","slug":"contestants","status":"publish","type":"page","link":"http:\/\/mypageantpassport.com\/index.php\/contestants\/","title":{"rendered":"2021 Contestants"},"content":{"rendered":"\n<figure class=\"wp-block-image size-large is-resized\"><img loading=\"lazy\" src=\"http:\/\/mypageantpassport.com\/wp-content\/uploads\/2021\/10\/Yellow-and-Orange-Rectangles-Modern-Swiss-Business-Retractable-Exhibition-Banner-1-1024x384.png\" alt=\"\" class=\"wp-image-97\" width=\"650\" height=\"243\" srcset=\"http:\/\/mypageantpassport.com\/wp-content\/uploads\/2021\/10\/Yellow-and-Orange-Rectangles-Modern-Swiss-Business-Retractable-Exhibition-Banner-1-1024x384.png 1024w, http:\/\/mypageantpassport.com\/wp-content\/uploads\/2021\/10\/Yellow-and-Orange-Rectangles-Modern-Swiss-Business-Retractable-Exhibition-Banner-1-300x113.png 300w, http:\/\/mypageantpassport.com\/wp-content\/uploads\/2021\/10\/Yellow-and-Orange-Rectangles-Modern-Swiss-Business-Retractable-Exhibition-Banner-1-768x288.png 768w, http:\/\/mypageantpassport.com\/wp-content\/uploads\/2021\/10\/Yellow-and-Orange-Rectangles-Modern-Swiss-Business-Retractable-Exhibition-Banner-1-1536x576.png 1536w, http:\/\/mypageantpassport.com\/wp-content\/uploads\/2021\/10\/Yellow-and-Orange-Rectangles-Modern-Swiss-Business-Retractable-Exhibition-Banner-1-2048x768.png 2048w, http:\/\/mypageantpassport.com\/wp-content\/uploads\/2021\/10\/Yellow-and-Orange-Rectangles-Modern-Swiss-Business-Retractable-Exhibition-Banner-1-600x225.png 600w\" sizes=\"(max-width: 650px) 100vw, 650px\" \/><figcaption>                        <strong><em>Miss Grand International 2021 Delegates<\/em><\/strong><\/figcaption><\/figure>\n\n\n\n<p>Angola&#8230;&#8230;&#8230;&#8230;&#8230;&#8230;&#8230;&#8230;&#8230; Marcia M. de Menezes<br>Argentina&#8230;&#8230;&#8230;&#8230;&#8230;&#8230;&#8230;.. Florencia Melanie De Palo<br>Armenia&#8230;&#8230;&#8230;&#8230;&#8230;&#8230;&#8230;&#8230;.. Kristina Ayanian<br>Australia&#8230;&#8230;&#8230;&#8230;&#8230;&#8230;&#8230;&#8230;.. Angolina Amores <br>Bangeladesh&#8230;&#8230;&#8230;&#8230;&#8230;&#8230;. MJ Chowder<br>Belgium&#8230;&#8230;&#8230;&#8230;&#8230;&#8230;&#8230;&#8230; Zomkey Tenzin<br>Bolivia&#8230;&#8230;&#8230;&#8230;&#8230;&#8230;&#8230;&#8230;&#8230;.. Elo\u00edsa Guti\u00e9rrez Rend\u00f3n<br>Brazil&#8230;&#8230;&#8230;&#8230;&#8230;&#8230;&#8230;&#8230;&#8230;&#8230;. Lorena Rodrigues <br>Cambodia&#8230;&#8230;&#8230;&#8230;&#8230;&#8230;&#8230;&#8230; Sothida\u00a0Pokimtheng <br>Canada&#8230;&#8230;&#8230;&#8230;&#8230;&#8230;&#8230;&#8230;&#8230;. Olga Bykadorova <br>Chile&#8230;&#8230;&#8230;&#8230;&#8230;&#8230;&#8230;&#8230;&#8230;&#8230;.. Vanessa Maizares <br>Colombia&#8230;&#8230;&#8230;&#8230;&#8230;&#8230;&#8230;&#8230; Mariana Jaramillo Cordoba<br>Costa Rica&#8230;&#8230;&#8230;&#8230;&#8230;&#8230;&#8230;.. Anriana Moya Alvarado<br>Cuba&#8230;&#8230;&#8230;&#8230;&#8230;&#8230;&#8230;&#8230;&#8230;&#8230;&#8230; Geysel Vaillant Ferrer<br>Cura\u00e7ao&#8230;&#8230;&#8230;&#8230;&#8230;&#8230;&#8230;&#8230;&#8230;. Kimberly Fernandes <br>Czech Republic&#8230;&#8230;&#8230;&#8230;.. Barbora Aglerov\u00e1<br>Dominican Republic&#8230;. Stephanie Medina<br>Ecuador&#8230;&#8230;&#8230;&#8230;&#8230;&#8230;&#8230;&#8230;&#8230; Andrea Aguilera Paredes <br>Egypt&#8230;&#8230;&#8230;&#8230;&#8230;&#8230;&#8230;&#8230;&#8230;&#8230;.. Hamdy Shahy<br>El Salvador&#8230;&#8230;&#8230;&#8230;&#8230;&#8230;&#8230;. Iris Rivera Guerra Yazminhe <br>France&#8230;&#8230;&#8230;&#8230;&#8230;&#8230;&#8230;&#8230;&#8230;.. Elodie Sirulnick <br>Germany&#8230;&#8230;&#8230;&#8230;&#8230;&#8230;&#8230;&#8230;.. Luisa Victoria Malz<br>Guatemala&#8230;&#8230;&#8230;&#8230;&#8230;&#8230;&#8230;.. Mar\u00eda Jos\u00e9 Sazo Mel\u00e9ndez<br>Haiti&#8230;&#8230;&#8230;&#8230;&#8230;&#8230;&#8230;&#8230;&#8230;&#8230;&#8230;. Lynn St-Germain<br>Honduras&#8230;&#8230;&#8230;&#8230;&#8230;&#8230;&#8230;&#8230;. Celia Perdomo Monterrosa <br>Hong Kong&#8230;&#8230;&#8230;&#8230;&#8230;&#8230;&#8230; Sen Yang<br>India&#8230;&#8230;&#8230;&#8230;&#8230;&#8230;&#8230;&#8230;&#8230;&#8230;&#8230;. Manika Sheokand<br>Indonesia&#8230;&#8230;&#8230;&#8230;&#8230;&#8230;&#8230;.. Sophia Louise Rogan <br>Italy&#8230;&#8230;&#8230;&#8230;&#8230;&#8230;&#8230;&#8230;&#8230;&#8230;&#8230; Marika Nardozi<br>Japan&#8230;&#8230;&#8230;&#8230;&#8230;&#8230;&#8230;&#8230;&#8230;&#8230; Chiika Mizuno<br>Korea&#8230;&#8230;&#8230;&#8230;&#8230;&#8230;&#8230;&#8230;&#8230;&#8230; Jiho Lee<br>Laos&#8230;&#8230;&#8230;&#8230;&#8230;&#8230;&#8230;&#8230;&#8230;&#8230;.. Dao Pcst<br>Liberia&#8230;&#8230;&#8230;&#8230;&#8230;&#8230;&#8230;&#8230;&#8230;&#8230; Hajamaya Mulbah<br>Malaysia&#8230;&#8230;&#8230;&#8230;&#8230;&#8230;&#8230;&#8230;&#8230; Lishalliny Kanaran<br>Mauritius&#8230;&#8230;&#8230;&#8230;&#8230;&#8230;&#8230;&#8230;.. Naomi Buan <br>Mexico&#8230;&#8230;&#8230;&#8230;&#8230;&#8230;&#8230;&#8230;&#8230;&#8230; Mariana Mac\u00edas Ornelas<br>Myanmar&#8230;&#8230;&#8230;&#8230;&#8230;&#8230;&#8230;&#8230;. Amara Lei Shune<br>Nepal&#8230;&#8230;&#8230;&#8230;&#8230;&#8230;&#8230;&#8230;&#8230;&#8230;. Ronali Amatya <br>Netherlands&#8230;&#8230;&#8230;&#8230;&#8230;&#8230;.. Nathalie Yasmin Mogbelzada<br>Nicaragua&#8230;&#8230;&#8230;&#8230;&#8230;&#8230;&#8230;&#8230; Epifan\u00eda Jocabed Sol\u00eds<br>Nigeria&#8230;&#8230;&#8230;&#8230;&#8230;&#8230;&#8230;&#8230;&#8230;&#8230; Patience Christopher<br>Northern Ireland&#8230;&#8230;&#8230;.. Shannon McCullagh<br>Pakistan&#8230;&#8230;&#8230;&#8230;&#8230;&#8230;&#8230;&#8230;&#8230;. Ramina Ashfaque<br>Panama&#8230;&#8230;&#8230;&#8230;&#8230;&#8230;&#8230;&#8230;&#8230;.. Katie Caicedo<br>Paraguay&#8230;&#8230;&#8230;&#8230;&#8230;&#8230;&#8230;&#8230;&#8230; Andrea Jimena Sosa<br>Peru&#8230;&#8230;&#8230;&#8230;&#8230;&#8230;&#8230;&#8230;&#8230;&#8230;&#8230;.. Samantha Batallanos Cortegana<br>Philippines&#8230;&#8230;&#8230;&#8230;&#8230;&#8230;&#8230;. Samantha Panlilio<br>Portugal&#8230;&#8230;&#8230;&#8230;&#8230;&#8230;&#8230;&#8230;&#8230; Ana Laura Ferreira <br>Puerto Rico&#8230;&#8230;&#8230;&#8230;&#8230;&#8230;&#8230; Vivianie Arroyo <br>Russia&#8230;&#8230;&#8230;&#8230;&#8230;&#8230;&#8230;&#8230;&#8230;&#8230;. Alesia Semerenko<br>Siberia&#8230;&#8230;&#8230;&#8230;&#8230;&#8230;&#8230;&#8230;&#8230;.. Kristina Shenknekht<br>South Africa&#8230;&#8230;&#8230;&#8230;&#8230;&#8230;. Jean\u00e8 Van Dam<br>Spain&#8230;&#8230;&#8230;&#8230;&#8230;&#8230;&#8230;&#8230;&#8230;&#8230;&#8230; Alba Dunkerbeck Morales<br>Sri Lanka&#8230;&#8230;&#8230;&#8230;&#8230;&#8230;&#8230;&#8230;&#8230; Anna-Marie Ondaatje<br>Sweden&#8230;&#8230;&#8230;&#8230;&#8230;&#8230;&#8230;&#8230;&#8230;.. Jennie Frondell <br>Thailand&#8230;&#8230;&#8230;&#8230;&#8230;&#8230;&#8230;&#8230;&#8230; Indy Johnson<br>United States&#8230;&#8230;&#8230;&#8230;&#8230;&#8230; Madison Lynn Callaghan <br>Venezuela&#8230;&#8230;&#8230;&#8230;&#8230;&#8230;&#8230;&#8230;. Vanessa Carolina Coello Coraspe<br>*<strong>Vietnam&#8230;&#8230;&#8230;&#8230;&#8230;&#8230;&#8230;.. Nguyen Th\u00fac Thuy Ti\u00ean<\/strong><\/p>\n\n\n\n<p><\/p>\n\n\n\n<p><\/p>\n\n\n\n<figure class=\"wp-block-image size-large is-resized\"><img loading=\"lazy\" src=\"http:\/\/mypageantpassport.com\/wp-content\/uploads\/2021\/10\/Yellow-and-Orange-Rectangles-Modern-Swiss-Business-Retractable-Exhibition-Banner-2-1-1024x384.png\" alt=\"\" class=\"wp-image-105\" width=\"762\" height=\"285\" srcset=\"http:\/\/mypageantpassport.com\/wp-content\/uploads\/2021\/10\/Yellow-and-Orange-Rectangles-Modern-Swiss-Business-Retractable-Exhibition-Banner-2-1-1024x384.png 1024w, http:\/\/mypageantpassport.com\/wp-content\/uploads\/2021\/10\/Yellow-and-Orange-Rectangles-Modern-Swiss-Business-Retractable-Exhibition-Banner-2-1-300x113.png 300w, http:\/\/mypageantpassport.com\/wp-content\/uploads\/2021\/10\/Yellow-and-Orange-Rectangles-Modern-Swiss-Business-Retractable-Exhibition-Banner-2-1-768x288.png 768w, http:\/\/mypageantpassport.com\/wp-content\/uploads\/2021\/10\/Yellow-and-Orange-Rectangles-Modern-Swiss-Business-Retractable-Exhibition-Banner-2-1-1536x576.png 1536w, http:\/\/mypageantpassport.com\/wp-content\/uploads\/2021\/10\/Yellow-and-Orange-Rectangles-Modern-Swiss-Business-Retractable-Exhibition-Banner-2-1-2048x768.png 2048w, http:\/\/mypageantpassport.com\/wp-content\/uploads\/2021\/10\/Yellow-and-Orange-Rectangles-Modern-Swiss-Business-Retractable-Exhibition-Banner-2-1-600x225.png 600w\" sizes=\"(max-width: 762px) 100vw, 762px\" \/><figcaption>                                                              <em><strong>Miss Universe 2021 Delegates<\/strong><\/em><\/figcaption><\/figure>\n\n\n\n<p>Albania&#8230;&#8230;&#8230;&#8230;&#8230;&#8230;&#8230;&#8230;.. Ina Dajci<br>Armenia&#8230;&#8230;&#8230;&#8230;&#8230;&#8230;&#8230;&#8230; Nane Avetisyan<br>Aruba&#8230;&#8230;&#8230;&#8230;&#8230;&#8230;&#8230;&#8230;&#8230;.. Thessaly Zimmerman<br>Bahamas&#8230;&#8230;&#8230;&#8230;&#8230;&#8230;&#8230;&#8230; Chantel O&#8217;Brian<br>Belgium&#8230;&#8230;&#8230;&#8230;&#8230;&#8230;&#8230;&#8230;.. Kedist Deltour<br>Bolivia&#8230;&#8230;&#8230;&#8230;&#8230;&#8230;&#8230;&#8230;&#8230;.. Nahemi Uequin<br>British Virgin Islands.. Xaria Penn<br>Canada&#8230;&#8230;&#8230;&#8230;&#8230;&#8230;&#8230;&#8230;&#8230; Tamara Jemuovic<br>Cayman Islands&#8230;&#8230;&#8230;.. Georgina Kerford<br>Chile&#8230;&#8230;&#8230;&#8230;&#8230;&#8230;&#8230;&#8230;&#8230;&#8230;. Antonia Figueroa La Serena<br>Costa Rica&#8230;&#8230;&#8230;&#8230;&#8230;&#8230;&#8230; Valeria Rees<br>Croatia&#8230;&#8230;&#8230;&#8230;&#8230;&#8230;&#8230;&#8230;&#8230; Ora Ivani\u0161evi\u0107<br>Cura\u00e7ao&#8230;&#8230;&#8230;&#8230;&#8230;&#8230;&#8230;&#8230;. Shari\u00ebngela Cijntje<br>Ecuador&#8230;&#8230;&#8230;&#8230;&#8230;&#8230;&#8230;&#8230;. Susy Sacoto<br>El Salvador&#8230;&#8230;&#8230;&#8230;&#8230;&#8230;. Alejandra Gavidia<br>Finland&#8230;&#8230;&#8230;&#8230;&#8230;&#8230;&#8230;&#8230;.. Essi Unkuri<br>France&#8230;&#8230;&#8230;&#8230;&#8230;&#8230;&#8230;&#8230;&#8230; Cl\u00e9mence Botino<br>Greece&#8230;&#8230;&#8230;&#8230;&#8230;&#8230;&#8230;&#8230;&#8230; Katerina Kouvoutsaki<br>Honduras&#8230;&#8230;&#8230;&#8230;&#8230;&#8230;&#8230; Rose Mel\u00e9ndez<br>Iceland&#8230;&#8230;&#8230;&#8230;&#8230;&#8230;&#8230;&#8230;.. El\u00edsa Gr\u00f3a Stein\u00fe\u00f3rsd\u00f3ttir<br>India&#8230;&#8230;&#8230;&#8230;&#8230;&#8230;&#8230;&#8230;&#8230;&#8230; Harnaaz Sandhu<br>Italy&#8230;&#8230;&#8230;&#8230;&#8230;&#8230;&#8230;&#8230;&#8230;&#8230;.. Caterina Di Fuccia<br>Japan&#8230;&#8230;&#8230;&#8230;&#8230;&#8230;&#8230;&#8230;&#8230;.. Yuri Watanabe<br>Kosovo&#8230;&#8230;&#8230;&#8230;&#8230;&#8230;&#8230;&#8230;.. Tuti Sejdiu<br>Malta&#8230;&#8230;&#8230;&#8230;&#8230;&#8230;&#8230;&#8230;&#8230;.. Jade Cini<br>Mauritius&#8230;&#8230;&#8230;&#8230;&#8230;&#8230;&#8230; Anne Murielle Ravina<br>Mexico&#8230;&#8230;&#8230;&#8230;&#8230;&#8230;&#8230;&#8230;.. D\u00e9bora Hallal<br>Namibia&#8230;&#8230;&#8230;&#8230;&#8230;&#8230;&#8230;.. Chelsi Shikongo<br>Netherlands&#8230;&#8230;&#8230;&#8230;&#8230;. Julia Sinning<br>Nicaragua&#8230;&#8230;&#8230;&#8230;&#8230;&#8230;. Allison Wassmer<br>Nigeria&#8230;&#8230;&#8230;&#8230;&#8230;&#8230;&#8230;&#8230;. Maristella Okpala<br>Norway&#8230;&#8230;&#8230;&#8230;&#8230;&#8230;&#8230;&#8230;. Nora Nakken<br>Paraguay&#8230;&#8230;&#8230;&#8230;&#8230;&#8230;&#8230;. Nadia Ferreira<br>Philippines&#8230;&#8230;&#8230;&#8230;&#8230;&#8230; Beatrice Gomez<br>Portugal&#8230;&#8230;&#8230;&#8230;&#8230;&#8230;&#8230;.. Or\u00edcia Dom\u00ednguez<br>Puerto Rico&#8230;&#8230;&#8230;&#8230;&#8230;.. Michelle Col\u00f3n<br>Romania&#8230;&#8230;&#8230;&#8230;&#8230;&#8230;&#8230;. Carmina Cotfas<br>Singapore&#8230;&#8230;&#8230;&#8230;&#8230;&#8230;.. Nandita Banna<br>Turkey&#8230;&#8230;&#8230;&#8230;&#8230;&#8230;&#8230;&#8230;.. Cemrenaz Turhan<br>Venezuela&#8230;&#8230;&#8230;&#8230;&#8230;&#8230;.. Luiseth Mater\u00e1n<br>Vietnam&#8230;&#8230;&#8230;&#8230;&#8230;&#8230;&#8230;.. Nguy\u1ec5n Hu\u1ef3nh Kim Duy\u00ean<\/p>\n\n\n\n<p><\/p>\n\n\n\n<p><\/p>\n\n\n\n<figure class=\"wp-block-image size-large is-resized\"><img loading=\"lazy\" src=\"http:\/\/mypageantpassport.com\/wp-content\/uploads\/2021\/10\/Yellow-and-Orange-Rectangles-Modern-Swiss-Business-Retractable-Exhibition-Banner-1024x384.png\" alt=\"\" class=\"wp-image-96\" width=\"631\" height=\"236\" srcset=\"http:\/\/mypageantpassport.com\/wp-content\/uploads\/2021\/10\/Yellow-and-Orange-Rectangles-Modern-Swiss-Business-Retractable-Exhibition-Banner-1024x384.png 1024w, http:\/\/mypageantpassport.com\/wp-content\/uploads\/2021\/10\/Yellow-and-Orange-Rectangles-Modern-Swiss-Business-Retractable-Exhibition-Banner-300x113.png 300w, http:\/\/mypageantpassport.com\/wp-content\/uploads\/2021\/10\/Yellow-and-Orange-Rectangles-Modern-Swiss-Business-Retractable-Exhibition-Banner-768x288.png 768w, http:\/\/mypageantpassport.com\/wp-content\/uploads\/2021\/10\/Yellow-and-Orange-Rectangles-Modern-Swiss-Business-Retractable-Exhibition-Banner-1536x576.png 1536w, http:\/\/mypageantpassport.com\/wp-content\/uploads\/2021\/10\/Yellow-and-Orange-Rectangles-Modern-Swiss-Business-Retractable-Exhibition-Banner-2048x768.png 2048w, http:\/\/mypageantpassport.com\/wp-content\/uploads\/2021\/10\/Yellow-and-Orange-Rectangles-Modern-Swiss-Business-Retractable-Exhibition-Banner-600x225.png 600w\" sizes=\"(max-width: 631px) 100vw, 631px\" \/><figcaption>                                     <strong><em>Miss World 2021 Delegates<\/em><\/strong><\/figcaption><\/figure>\n\n\n\n<p>Albania&#8230;&#8230;&#8230;&#8230;&#8230;&#8230;&#8230;&#8230;&#8230;&#8230;&#8230;. Joanna Kiose<br>Angola&#8230;&#8230;&#8230;&#8230;&#8230;&#8230;&#8230;&#8230;&#8230;&#8230;&#8230;.. Ruth Carlos<br>Argentina&#8230;&#8230;&#8230;&#8230;&#8230;&#8230;&#8230;&#8230;&#8230;.. Amira Hidalgo<br>Armenia&#8230;&#8230;&#8230;&#8230;&#8230;&#8230;&#8230;&#8230;&#8230;&#8230;.. Mirna Bzdigian<br>Belarus&#8230;&#8230;&#8230;&#8230;&#8230;&#8230;&#8230;&#8230;&#8230;&#8230;&#8230;. Daria Goncharevich<br>Belgium&#8230;&#8230;&#8230;&#8230;&#8230;&#8230;&#8230;&#8230;&#8230;&#8230;&#8230; C\u00e9line Van Ouytsel<br>Belize&#8230;&#8230;&#8230;&#8230;&#8230;&#8230;&#8230;&#8230;&#8230;&#8230;&#8230;&#8230;. Markeisha Young<br>Bolivia&#8230;&#8230;&#8230;&#8230;&#8230;&#8230;&#8230;&#8230;&#8230;&#8230;&#8230;&#8230; Alondra Mercado<br>Bosnia and Herzegovina&#8230; Adna Biber<br>Brazil&#8230;&#8230;&#8230;&#8230;&#8230;&#8230;&#8230;&#8230;&#8230;&#8230;&#8230;&#8230;.. Caroline Teixeira<br>Cambodia&#8230;&#8230;&#8230;&#8230;&#8230;&#8230;&#8230;&#8230;&#8230;&#8230; Phum Sophorn<br>Cameroon&#8230;&#8230;&#8230;&#8230;&#8230;&#8230;&#8230;&#8230;&#8230;.. Audrey Monkam<br>Canada&#8230;&#8230;&#8230;&#8230;&#8230;&#8230;&#8230;&#8230;&#8230;&#8230;&#8230;. Svetlana Mamaeva<br>Cayman Islands&#8230;&#8230;&#8230;&#8230;&#8230;&#8230; Rashana Hydes<br>Chile&#8230;&#8230;&#8230;&#8230;&#8230;&#8230;&#8230;&#8230;&#8230;&#8230;&#8230;&#8230;&#8230; Carol Drpic<br>Colombia&#8230;&#8230;&#8230;&#8230;&#8230;&#8230;&#8230;&#8230;&#8230;&#8230;. Andrea Aguilera<br>Costa Rica&#8230;&#8230;&#8230;&#8230;&#8230;&#8230;&#8230;&#8230;&#8230;&#8230; Tamara Dal Maso<br>Czech Republic&#8230;&#8230;&#8230;&#8230;&#8230;&#8230;&#8230; Karol\u00edna Kop\u00edncov\u00e1<br>Dominican Republic&#8230;&#8230;&#8230;.. Emmy Pena<br>Ecuador&#8230;&#8230;&#8230;&#8230;&#8230;&#8230;&#8230;&#8230;&#8230;&#8230;&#8230;. \u00c1mar Pacheco<br>England&#8230;&#8230;&#8230;&#8230;&#8230;&#8230;&#8230;&#8230;&#8230;&#8230;&#8230;. Rehema Muthamia<br>Equatorial Guinea&#8230;&#8230;&#8230;&#8230;&#8230; Lucila Benita<br>Finland&#8230;&#8230;&#8230;&#8230;&#8230;&#8230;&#8230;&#8230;&#8230;&#8230;&#8230;.. Emilia Lepom\u00e4ki<br>Ghana&#8230;&#8230;&#8230;&#8230;&#8230;&#8230;&#8230;&#8230;&#8230;&#8230;&#8230;&#8230;. Monique Mawulawe<br>Gibraltar&#8230;&#8230;&#8230;&#8230;&#8230;&#8230;&#8230;&#8230;&#8230;&#8230;.. Janice Sampere<br>Guadeloupe&#8230;&#8230;&#8230;&#8230;&#8230;&#8230;&#8230;&#8230;.. Prescilla Larose<br>Guatemala&#8230;&#8230;&#8230;&#8230;&#8230;&#8230;&#8230;&#8230;&#8230;. Michelle Calder\u00f3n<br>Guinea&#8230;&#8230;&#8230;&#8230;&#8230;&#8230;&#8230;&#8230;&#8230;&#8230;&#8230;.. Gladys Adjaba<br>Honduras&#8230;&#8230;&#8230;&#8230;&#8230;&#8230;&#8230;&#8230;&#8230;&#8230; Dayana Bordas<br>India&#8230;&#8230;&#8230;&#8230;&#8230;&#8230;&#8230;&#8230;&#8230;&#8230;&#8230;&#8230;&#8230; Manasa Varanasi<br>Indonesia&#8230;&#8230;&#8230;&#8230;&#8230;&#8230;&#8230;&#8230;&#8230;&#8230; Carla Yules<br>Iraq&#8230;&#8230;&#8230;&#8230;&#8230;&#8230;&#8230;&#8230;&#8230;&#8230;&#8230;&#8230;&#8230;.. Maria Farhad<br>Ireland&#8230;&#8230;&#8230;&#8230;&#8230;&#8230;&#8230;&#8230;&#8230;&#8230;&#8230;.. Pamela Uba<br>Italy&#8230;&#8230;&#8230;&#8230;&#8230;&#8230;&#8230;&#8230;&#8230;&#8230;&#8230;&#8230;&#8230;. Claudia Motta<br>Ivory Coast&#8230;&#8230;&#8230;&#8230;&#8230;&#8230;&#8230;&#8230;&#8230; Olivia Yac\u00e9<br>Japan&#8230;&#8230;&#8230;&#8230;&#8230;&#8230;&#8230;&#8230;&#8230;&#8230;&#8230;&#8230;.. Maria Kaneya<br>Kenya&#8230;&#8230;&#8230;&#8230;&#8230;&#8230;&#8230;&#8230;&#8230;&#8230;&#8230;&#8230;. Sharon Obara<br>Korea&#8230;&#8230;&#8230;&#8230;&#8230;&#8230;&#8230;&#8230;&#8230;&#8230;&#8230;&#8230;. Park Ji-jeong<br>Laos&#8230;&#8230;&#8230;&#8230;&#8230;&#8230;&#8230;&#8230;&#8230;&#8230;&#8230;&#8230;&#8230;. Phonvilai Luanglath<br>Lesotho&#8230;&#8230;&#8230;&#8230;&#8230;&#8230;&#8230;&#8230;&#8230;&#8230;&#8230;. Tiisetso Seliane<br>Luxembourg&#8230;&#8230;&#8230;&#8230;&#8230;&#8230;&#8230;&#8230;. Emilie Boland<br>Madagascar&#8230;&#8230;&#8230;&#8230;&#8230;&#8230;&#8230;&#8230;.. Nellie Anjaratiana<br>Malta&#8230;&#8230;&#8230;&#8230;&#8230;&#8230;&#8230;&#8230;&#8230;&#8230;&#8230;&#8230;.. Naomi Dingli<br>Mauritius&#8230;&#8230;&#8230;&#8230;&#8230;&#8230;&#8230;&#8230;&#8230;&#8230; Ang\u00e9lique Sanson<br>Mexico&#8230;&#8230;&#8230;&#8230;&#8230;&#8230;&#8230;&#8230;&#8230;&#8230;&#8230;.. Karolina Vidales<br>Montenegro&#8230;&#8230;&#8230;&#8230;&#8230;&#8230;&#8230;&#8230;. Natalija Labovic<br>Namibia&#8230;&#8230;&#8230;&#8230;&#8230;&#8230;&#8230;&#8230;&#8230;&#8230;.. Annerie Mare<br>Nepal&#8230;&#8230;&#8230;&#8230;&#8230;&#8230;&#8230;&#8230;&#8230;&#8230;&#8230;&#8230;. Namrata Shrestha<br>Netherlands&#8230;&#8230;&#8230;&#8230;&#8230;&#8230;&#8230;&#8230;. Dilay Willemstein<br>Nicaragua&#8230;&#8230;&#8230;&#8230;&#8230;&#8230;&#8230;&#8230;&#8230;.. Sheynnis Palacios<br>Nigeria&#8230;&#8230;&#8230;&#8230;&#8230;&#8230;&#8230;&#8230;&#8230;&#8230;&#8230;.. Oluchi Madubuike<br>Northern Ireland&#8230;&#8230;&#8230;&#8230;&#8230;.. Anna Leitch<br>Panama&#8230;&#8230;&#8230;&#8230;&#8230;&#8230;&#8230;&#8230;&#8230;&#8230;&#8230;. Krysthelle Barretto<br>Paraguay&#8230;&#8230;&#8230;&#8230;&#8230;&#8230;&#8230;&#8230;&#8230;&#8230;. Bethania Borba<br>Peru&#8230;&#8230;&#8230;&#8230;&#8230;&#8230;&#8230;&#8230;&#8230;&#8230;&#8230;&#8230;&#8230;. Paula Montes<br>Poland&#8230;&#8230;&#8230;&#8230;&#8230;&#8230;&#8230;&#8230;&#8230;&#8230;&#8230;&#8230; Karolina Bielawska<br>Portugal&#8230;&#8230;&#8230;&#8230;&#8230;&#8230;&#8230;&#8230;&#8230;&#8230;&#8230; Lidy Alves<br>Puerto Rico&#8230;&#8230;&#8230;&#8230;&#8230;&#8230;&#8230;&#8230;&#8230; Aryam D\u00edaz<br>Rwanda&#8230;&#8230;&#8230;&#8230;&#8230;&#8230;&#8230;&#8230;&#8230;&#8230;&#8230; Naomie Nishimwe<br>Scotland&#8230;&#8230;&#8230;&#8230;&#8230;&#8230;&#8230;&#8230;&#8230;&#8230;.. Claudia Todd<br>Senegal&#8230;&#8230;&#8230;&#8230;&#8230;&#8230;&#8230;&#8230;&#8230;&#8230;&#8230;. Nd\u00e8ye Fatima Dione<br>Serbia&#8230;&#8230;&#8230;&#8230;&#8230;&#8230;&#8230;&#8230;&#8230;&#8230;&#8230;&#8230; Andrijana Savi\u0107<br>Seychelles&#8230;&#8230;&#8230;&#8230;&#8230;&#8230;&#8230;&#8230;&#8230;.. Kelly-Marry Anette<br>Slovakia&#8230;&#8230;&#8230;&#8230;&#8230;&#8230;&#8230;&#8230;&#8230;&#8230;&#8230; Leona Novoberdaliu<br>Slovenia&#8230;&#8230;&#8230;&#8230;&#8230;&#8230;&#8230;&#8230;&#8230;&#8230;.. Maja \u010coli\u0107<br>South Africa&#8230;&#8230;&#8230;&#8230;&#8230;&#8230;&#8230;&#8230;. Shudufhadzo Musida<br>Saint Lucia&#8230;&#8230;&#8230;&#8230;&#8230;&#8230;&#8230;&#8230;&#8230; Tyler Theophane<br>Spain&#8230;&#8230;&#8230;&#8230;&#8230;&#8230;&#8230;&#8230;&#8230;&#8230;&#8230;&#8230;.. Ana Garc\u00eda<br>Tanzania&#8230;&#8230;&#8230;&#8230;&#8230;&#8230;&#8230;&#8230;&#8230;&#8230;.. Julianna Rugumisa<br>Trinidad and Tobago&#8230;&#8230;&#8230;. Jeanine Brandt<br>Tunisia&#8230;&#8230;&#8230;&#8230;&#8230;&#8230;&#8230;&#8230;&#8230;&#8230;&#8230;. Amani Layouni<br>Turkey&#8230;&#8230;&#8230;&#8230;&#8230;&#8230;&#8230;&#8230;&#8230;&#8230;&#8230;.. D\u00edlara Korkmaz<br>Uganda&#8230;&#8230;&#8230;&#8230;&#8230;&#8230;&#8230;&#8230;&#8230;&#8230;&#8230; Elizabeth Bagaya<br>United States&#8230;&#8230;&#8230;&#8230;&#8230;&#8230;&#8230;.. Alissa Anderegg<br>Uruguay&#8230;&#8230;&#8230;&#8230;&#8230;&#8230;&#8230;&#8230;&#8230;&#8230;.. Valentina Camejo<br>Venezuela&#8230;&#8230;&#8230;&#8230;&#8230;&#8230;&#8230;&#8230;&#8230;.. Alejandra Conde<br>Vietnam&#8230;&#8230;&#8230;&#8230;&#8230;&#8230;&#8230;&#8230;&#8230;&#8230;.. \u0110\u1ed7 Th\u1ecb H\u00e0<br>Wales&#8230;&#8230;&#8230;&#8230;&#8230;&#8230;&#8230;&#8230;&#8230;&#8230;&#8230;&#8230; Olivia Harris<br>Zambia&#8230;&#8230;&#8230;&#8230;&#8230;&#8230;&#8230;&#8230;&#8230;&#8230;&#8230; Vanessa Ukevwe Chinyemba<\/p>\n","protected":false},"excerpt":{"rendered":"<p>Angola&#8230;&#8230;&#8230;&#8230;&#8230;&#8230;&#8230;&#8230;&#8230; Marcia M. de MenezesArgentina&#8230;&#8230;&#8230;&#8230;&#8230;&#8230;&#8230;.. Florencia Melanie De PaloArmenia&#8230;&#8230;&#8230;&#8230;&#8230;&#8230;&#8230;&#8230;.. Kristina AyanianAustralia&#8230;&#8230;&#8230;&#8230;&#8230;&#8230;&#8230;&#8230;.. Angolina Amores Bangeladesh&#8230;&#8230;&#8230;&#8230;&#8230;&#8230;. MJ ChowderBelgium&#8230;&#8230;&#8230;&#8230;&#8230;&#8230;&#8230;&#8230; Zomkey TenzinBolivia&#8230;&#8230;&#8230;&#8230;&#8230;&#8230;&#8230;&#8230;&#8230;.. Elo\u00edsa Guti\u00e9rrez Rend\u00f3nBrazil&#8230;&#8230;&#8230;&#8230;&#8230;&#8230;&#8230;&#8230;&#8230;&#8230;. Lorena Rodrigues Cambodia&#8230;&#8230;&#8230;&#8230;&#8230;&#8230;&#8230;&#8230; Sothida\u00a0Pokimtheng Canada&#8230;&#8230;&#8230;&#8230;&#8230;&#8230;&#8230;&#8230;&#8230;. Olga Bykadorova Chile&#8230;&#8230;&#8230;&#8230;&#8230;&#8230;&#8230;&#8230;&#8230;&#8230;.. Vanessa Maizares Colombia&#8230;&#8230;&#8230;&#8230;&#8230;&#8230;&#8230;&#8230; Mariana Jaramillo CordobaCosta Rica&#8230;&#8230;&#8230;&#8230;&#8230;&#8230;&#8230;.. Anriana Moya AlvaradoCuba&#8230;&#8230;&#8230;&#8230;&#8230;&#8230;&#8230;&#8230;&#8230;&#8230;&#8230; Geysel Vaillant FerrerCura\u00e7ao&#8230;&#8230;&#8230;&#8230;&#8230;&#8230;&#8230;&#8230;&#8230;. Kimberly Fernandes Czech &hellip; <a href=\"http:\/\/mypageantpassport.com\/index.php\/contestants\/\" class=\"more-link\"><span>Continue reading<span class=\"screen-reader-text\">2021 Contestants<\/span><\/span><\/a><\/p>\n","protected":false},"author":1,"featured_media":0,"parent":0,"menu_order":0,"comment_status":"closed","ping_status":"closed","template":"","meta":[],"_links":{"self":[{"href":"http:\/\/mypageantpassport.com\/index.php\/wp-json\/wp\/v2\/pages\/29"}],"collection":[{"href":"http:\/\/mypageantpassport.com\/index.php\/wp-json\/wp\/v2\/pages"}],"about":[{"href":"http:\/\/mypageantpassport.com\/index.php\/wp-json\/wp\/v2\/types\/page"}],"author":[{"embeddable":true,"href":"http:\/\/mypageantpassport.com\/index.php\/wp-json\/wp\/v2\/users\/1"}],"replies":[{"embeddable":true,"href":"http:\/\/mypageantpassport.com\/index.php\/wp-json\/wp\/v2\/comments?post=29"}],"version-history":[{"count":21,"href":"http:\/\/mypageantpassport.com\/index.php\/wp-json\/wp\/v2\/pages\/29\/revisions"}],"predecessor-version":[{"id":587,"href":"http:\/\/mypageantpassport.com\/index.php\/wp-json\/wp\/v2\/pages\/29\/revisions\/587"}],"wp:attachment":[{"href":"http:\/\/mypageantpassport.com\/index.php\/wp-json\/wp\/v2\/media?parent=29"}],"curies":[{"name":"wp","href":"https:\/\/api.w.org\/{rel}","templated":true}]}}